{"id":140,"date":"2014-01-19T21:06:50","date_gmt":"2014-01-19T21:06:50","guid":{"rendered":"http:\/\/www.apartmani-pepe.com\/?page_id=140"},"modified":"2026-04-09T10:35:13","modified_gmt":"2026-04-09T10:35:13","slug":"accommodation","status":"publish","type":"page","link":"https:\/\/www.komiza-pepe.com\/en\/accommodation\/","title":{"rendered":"Accommodation"},"content":{"rendered":"<p>\u201cPepe\u201d apartments are situated upon a panoramic viewpoint in Komi\u017ea, in peaceful surroundings (5 minutes on foot from the town centre). The balconies provide a beautiful view of the sea, the harbour, and the neighbouring Island of Bi\u0161evo. The Bo\u017eani\u0107-Pepe family occupies the same house. All guests are provided information on the history of Komi\u017ea, the Island of Vis, the cultural monuments and events, as well as of the breathtaking beaches of the island.<\/p>\n<p>&nbsp;<\/p>\n<p>We also propose some trips:<\/p>\n<p>&#8211; on foot to our olive-grove<\/p>\n<p>&#8211; by car to the beaches of the island<\/p>\n<p>&nbsp;<\/p>\n<p>The guests will be offered a welcome drink. In the courtyard, there is a fireplace, available to all the guests. A parking place is provided. In order to confirm the booking, the guests are kindly requested to pay 30% of the over-all price of the lodging. The apartments are cleaned once a week.<\/p>\n<p>&nbsp;<\/p>\n<p>We hope our offer will meet all your requirements for an unforgettable holiday. Welcome!<\/p>\n<p>&nbsp;<\/p>\n<p>Distances:<\/p>\n<p>&#8211; from the town centre \u2013 250 m<\/p>\n<p>&#8211; from the beach \u2013 400 m<\/p>\n<p>&#8211; from the restaurant \u2013 300 m<\/p>\n<p>&#8211; from the shop \u2013 250 m<\/p>\n<p>&#8211; from the marketplace \u2013 200 m<\/p>\n<p>&#8211; from the surgery and the pharmacy \u2013 100 m<\/p>\n<p>&#8211; from the petrol station \u2013 10 000 m<\/p>\n<p>&#8211; from the bus station \u2013 150 m<\/p>\n","protected":false},"excerpt":{"rendered":"<p>\u201cPepe\u201d apartments are situated upon a panoramic viewpoint in Komi\u017ea, in peaceful surroundings (5 minutes on foot from the town centre). The balconies provide a beautiful view of the sea, the harbour, and the neighbouring Island of Bi\u0161evo. The Bo\u017eani\u0107-Pepe family occupies the same house. All guests are provided information on the history of Komi\u017ea,&#8230; <a class=\"moretag\" href=\"https:\/\/www.komiza-pepe.com\/en\/accommodation\/\"> Continue reading &raquo;<\/a><\/p>\n","protected":false},"author":1,"featured_media":0,"parent":0,"menu_order":1,"comment_status":"closed","ping_status":"closed","template":"","meta":{"footnotes":""},"class_list":["post-140","page","type-page","status-publish","hentry"],"_links":{"self":[{"href":"https:\/\/www.komiza-pepe.com\/en\/wp-json\/wp\/v2\/pages\/140","targetHints":{"allow":["GET"]}}],"collection":[{"href":"https:\/\/www.komiza-pepe.com\/en\/wp-json\/wp\/v2\/pages"}],"about":[{"href":"https:\/\/www.komiza-pepe.com\/en\/wp-json\/wp\/v2\/types\/page"}],"author":[{"embeddable":true,"href":"https:\/\/www.komiza-pepe.com\/en\/wp-json\/wp\/v2\/users\/1"}],"replies":[{"embeddable":true,"href":"https:\/\/www.komiza-pepe.com\/en\/wp-json\/wp\/v2\/comments?post=140"}],"version-history":[{"count":0,"href":"https:\/\/www.komiza-pepe.com\/en\/wp-json\/wp\/v2\/pages\/140\/revisions"}],"wp:attachment":[{"href":"https:\/\/www.komiza-pepe.com\/en\/wp-json\/wp\/v2\/media?parent=140"}],"curies":[{"name":"wp","href":"https:\/\/api.w.org\/{rel}","templated":true}]}}