{"id":146,"date":"2014-01-19T21:11:41","date_gmt":"2014-01-19T21:11:41","guid":{"rendered":"http:\/\/www.apartmani-pepe.com\/?page_id=146"},"modified":"2014-06-08T20:01:25","modified_gmt":"2014-06-08T20:01:25","slug":"island-vis","status":"publish","type":"page","link":"https:\/\/www.komiza-pepe.com\/en\/island-vis\/","title":{"rendered":"Komi\u017ea, island of Vis"},"content":{"rendered":"<p>Komi\u017ea is a fishing town situated in the south-western part of the Island of Vis. Since long ago its inhabitants have been engaged in fishing trade and agriculture. Komi\u017ea is the most renowned fishing town on the East Adriatic coast. Fishing in Komi\u017ea is still vital, which is obvious from a large number of fishing boats in the harbour, and 150 of its inhabitants still being engaged in fishing trade. In the past few years, the local people have dadicated themselves to tourism, an important economic sector in its own right. Among tourist facilities, the town boasts the Bi\u0161evo Hotel, as well as additional 700 beds in private accommodation. Nautical tourism has been on the increase as well, bringing more navigaton experts to Komi\u017ea each year.<\/p>\n<p>When it comes to monuments of culture, Komi\u017ea features the parish church of St. Nicholas ( the former Benedictine monastery, populary referred to as &#8220;Muster&#8221;), the Church of Our Lady of Corsairs, originally dedicated to the Annunciation of the Madonna, better known as Gospa Gusarica Church, the Fishing Museum, located in a fortress dating from the 16 th century. There are two small Churches (Church of Lady of seven sadness and Church St. Roco).<\/p>\n<p>As for cultural events and entertainment, the so-called &#8220;Rota Palagru\u017eona&#8221;, the sailing route of the renovated gajeta falku\u0161a (the traditional historic fishing boat of Komi\u017ea), as well as other old wood-boats, to the Island of Palagru\u017ea (located in the middle of Adriatic, some forty-two miles away from Komi\u017ea). An event traditionally taking place at the end of June.<\/p>\n<p>From the 10 th to the 15 th of July the Big Game Fishing (deep-sea fishing), an international competition in tuna fishing in the Komi\u017ea archipelago, open to the competitors from Croatia and the neighbouring countries is held every year. Every night is measure the biggest tuna fish, and last years were tuna fishes heavy till 100 kilo. Also every night the visitors may ebjoy a concert of popular music, dancing and entertainment on the Riva (sea promenade).<\/p>\n<p>Furthermore, there is so-called Ribarska no\u0107 (Fishermen Night), held on the first Saturday in August, offering local specialities, grilled fish, particulary pilchards; the traditional poga\u010da of Komi\u017ea ( bread dough filled with salted fish, onions, tomatoes, parsley, and other spices), the brodetto (fish stew) made from varios fishes; octopus and squid (boiled, stewed, or grilled); and the last but not least, wine home-made from local grapes (Plovac and Vugava). In program is a concert of Dalmatian music, followed by an all night party.<\/p>\n<p>In September the &#8220;Dani roga\u010da&#8221; (days of the carob) are held, where various carob products may be tested, such as carob cakes, carob liqueur (roga\u010dica), as well as carob-made souvenirs, all accompanied by a concert of klapa music (traditional a cappella singing), performed by singers from all over Dalmatia.<\/p>\n<p>Among other things, Komi\u017ea also offers several organ concerts in St Nicholas&#8217;s and Our Lady of the Corsairs&#8217; churches, the performances of the Amateur Theatre of the City of Vis, various exhibitions in the city reading room, poetry nights, concert of tin music from City of Vis, sports and games (streetball, volleyball), as well as klapa concerts performed by singers from island, including Split and other coastal cities.<\/p>\n<p>Komi\u017ea is a town built in the original Dalmatian architectural style, with narrow streets, a sae promenada (Riva), joined with rosemary, fish and exclusive wines odours. Admirers of sport and active holidays can choose between paragliding, diving, football, tennis and cycling.<\/p>\n<p>Island Vis is a famous of its beautiful beaches for enjoying in the sea and sun. Among those beaches there are Stiniva, Ston\u010dica, Milna, Zoglov, Velika and Mala Trovna, Priti\u0161\u010dina and beaches in bay of Vis and Komi\u017ea. In Vis, city beach near Issa Hotel and Grandovac, in Komi\u017ea beach Gusarica near Bi\u0161evo Hotel, Kamenice, Novo and Storo Po\u0161ta, Mlin, Lucica, \u017dani\u0107evo.<\/p>\n<p>To be mentioned is island Bi\u0161evo some four miles away from Komi\u017ea where you can come by excursion boats.<\/p>\n<p>On Bi\u0161evo is situated Blue Cave, the unique Adriatic phenomenon recommended to visit. On Bi\u0161evo there are two beautiful sandy beaches Salbunara and Porat.<\/p>\n<p>Area of Island Vis is 90 km2. Average annual temperature is 17 Celsius, which is pleasant for rest and amusement. Island Vis is situated on area of mediterranean climate with temperate and humid winters and hot and dry summers. Island Vis is away from continent thirty miles and closeness with Split by ferry boat lines and speed boat line. The surrounding sea area of the Island of Vis is renowned for its open-sea islands: the Island of Brusnik, Sv. Andrija (St. Andrew), Jabuka and Palagru\u017ea. The Island of Vis has been enlisted by the Worldwide Fund for Nature (WWF) among ten best preserved Mediterranean islands.<\/p>\n<p>You are therefore urged to come to Komi\u017ea, which is sure to enrapture you with its beauty, its inhabitants with their hospitality, friendliness and eagerness to oblige, all of which is bound to make your holidays pleasant and unforgettable.<\/p>\n","protected":false},"excerpt":{"rendered":"<p>Komi\u017ea is a fishing town situated in the south-western part of the Island of Vis. Since long ago its inhabitants have been engaged in fishing trade and agriculture. Komi\u017ea is the most renowned fishing town on the East Adriatic coast. Fishing in Komi\u017ea is still vital, which is obvious from a large number of fishing&#8230; <a class=\"moretag\" href=\"https:\/\/www.komiza-pepe.com\/en\/island-vis\/\"> Continue reading &raquo;<\/a><\/p>\n","protected":false},"author":1,"featured_media":0,"parent":0,"menu_order":2,"comment_status":"closed","ping_status":"closed","template":"","meta":{"footnotes":""},"class_list":["post-146","page","type-page","status-publish","hentry"],"_links":{"self":[{"href":"https:\/\/www.komiza-pepe.com\/en\/wp-json\/wp\/v2\/pages\/146","targetHints":{"allow":["GET"]}}],"collection":[{"href":"https:\/\/www.komiza-pepe.com\/en\/wp-json\/wp\/v2\/pages"}],"about":[{"href":"https:\/\/www.komiza-pepe.com\/en\/wp-json\/wp\/v2\/types\/page"}],"author":[{"embeddable":true,"href":"https:\/\/www.komiza-pepe.com\/en\/wp-json\/wp\/v2\/users\/1"}],"replies":[{"embeddable":true,"href":"https:\/\/www.komiza-pepe.com\/en\/wp-json\/wp\/v2\/comments?post=146"}],"version-history":[{"count":0,"href":"https:\/\/www.komiza-pepe.com\/en\/wp-json\/wp\/v2\/pages\/146\/revisions"}],"wp:attachment":[{"href":"https:\/\/www.komiza-pepe.com\/en\/wp-json\/wp\/v2\/media?parent=146"}],"curies":[{"name":"wp","href":"https:\/\/api.w.org\/{rel}","templated":true}]}}